{"id":22,"date":"2024-05-08T11:24:17","date_gmt":"2024-05-08T11:24:17","guid":{"rendered":"https:\/\/flygarnshagagoteborg.se\/?page_id=22"},"modified":"2025-07-08T19:35:20","modified_gmt":"2025-07-08T19:35:20","slug":"catering","status":"publish","type":"page","link":"https:\/\/flygarnshagagoteborg.se\/sv\/catering\/","title":{"rendered":"Reservation"},"content":{"rendered":"<style type=\"text\/css\" data-created_by=\"avia_inline_auto\" id=\"style-css-av-1idci-7fed92eecf5b93f6e36f9f8949eb726e\">\n.flex_column.av-1idci-7fed92eecf5b93f6e36f9f8949eb726e{\nborder-radius:25px 25px 25px 25px;\npadding:20px 20px 20px 20px;\nbackground-color:#e7eadc;\n}\n<\/style>\n<div  class='flex_column av-1idci-7fed92eecf5b93f6e36f9f8949eb726e av_four_fifth  avia-builder-el-0  el_before_av_one_fifth  avia-builder-el-first  first flex_column_div'     ><section  class='av_textblock_section av-lvxq872p-ecb3d857255a9f79f046a0dcc9bd0716'   itemscope=\"itemscope\" itemtype=\"https:\/\/schema.org\/CreativeWork\" ><div class='avia_textblock'  itemprop=\"text\" ><p>Oavsett om du planerar en fest, en middag eller n\u00e5gon annan typ av sammankomst kan vi p\u00e5 Flygarns Haga erbjuda en plats som passar alla tillf\u00e4llen. G\u00f6r en bokning hos oss!<\/p>\n<p>Vi har en bred meny med allt fr\u00e5n klassiska svenska r\u00e4tter till spanska tapas. Fr\u00e5ga oss bara om du vill ha n\u00e5got specifikt!<\/p>\n<p>Check our availability and make a reservation by clicking on the button.<\/p>\n<p data-sourcepos=\"16:1-16:99\">\n<\/div><\/section><\/div>\n<div  class='flex_column av-14ugq-7fe47f72c3e415bb459a315b43bcb37c av_one_fifth  avia-builder-el-2  el_after_av_four_fifth  avia-builder-el-last  flex_column_div'     ><style type=\"text\/css\" data-created_by=\"avia_inline_auto\" id=\"style-css-av-mcux1e51-04a58991277a9dd9538959252aa7e597\">\n#top .av_textblock_section.av-mcux1e51-04a58991277a9dd9538959252aa7e597 .avia_textblock{\ncolor:#999999;\n}\n<\/style>\n<section  class='av_textblock_section av-mcux1e51-04a58991277a9dd9538959252aa7e597'   itemscope=\"itemscope\" itemtype=\"https:\/\/schema.org\/CreativeWork\" ><div class='avia_textblock av_inherit_color'  itemprop=\"text\" ><div style=\"background-color: #f1a060; padding: 30px; border-radius: 10px; text-align: center;\"><div style=\"text-align: center;\"><button style=\"width: 105px; height: 45px; font-size: 14px; font-family: Arial; font-weight: normal; font-style: normal; color: #ffffff; background-color: #222222; border-radius: 3px; border-style: solid; border-color: #767676; border-width: 2px; z-index: 999; margin: 0; padding: 0;\" class=\"waiteraid-widget\" data-hash=\"fd022e3943257b36cbb9f6ba9b3aa2fe\">\u2709\ufe0e Reservation<\/button>\n<\/div><\/div>\n<\/div><\/section><\/div>","protected":false},"excerpt":{"rendered":"","protected":false},"author":1,"featured_media":0,"parent":0,"menu_order":0,"comment_status":"closed","ping_status":"closed","template":"","meta":{"footnotes":""},"class_list":["post-22","page","type-page","status-publish","hentry"],"_links":{"self":[{"href":"https:\/\/flygarnshagagoteborg.se\/sv\/wp-json\/wp\/v2\/pages\/22","targetHints":{"allow":["GET"]}}],"collection":[{"href":"https:\/\/flygarnshagagoteborg.se\/sv\/wp-json\/wp\/v2\/pages"}],"about":[{"href":"https:\/\/flygarnshagagoteborg.se\/sv\/wp-json\/wp\/v2\/types\/page"}],"author":[{"embeddable":true,"href":"https:\/\/flygarnshagagoteborg.se\/sv\/wp-json\/wp\/v2\/users\/1"}],"replies":[{"embeddable":true,"href":"https:\/\/flygarnshagagoteborg.se\/sv\/wp-json\/wp\/v2\/comments?post=22"}],"version-history":[{"count":17,"href":"https:\/\/flygarnshagagoteborg.se\/sv\/wp-json\/wp\/v2\/pages\/22\/revisions"}],"predecessor-version":[{"id":328,"href":"https:\/\/flygarnshagagoteborg.se\/sv\/wp-json\/wp\/v2\/pages\/22\/revisions\/328"}],"wp:attachment":[{"href":"https:\/\/flygarnshagagoteborg.se\/sv\/wp-json\/wp\/v2\/media?parent=22"}],"curies":[{"name":"wp","href":"https:\/\/api.w.org\/{rel}","templated":true}]}}